{"id":1124,"date":"2023-12-19T13:41:59","date_gmt":"2023-12-19T13:41:59","guid":{"rendered":"https:\/\/www.petrafischer.ch\/?page_id=1124"},"modified":"2025-01-15T10:56:28","modified_gmt":"2025-01-15T10:56:28","slug":"home","status":"publish","type":"page","link":"https:\/\/www.petrafischer.ch\/","title":{"rendered":"Home"},"content":{"rendered":"<p>[et_pb_section fb_built=&#8220;1&#8243; _builder_version=&#8220;4.23.1&#8243; _module_preset=&#8220;default&#8220; custom_padding=&#8220;200px||0px|||&#8220; global_colors_info=&#8220;{}&#8220;][et_pb_row _builder_version=&#8220;4.23.1&#8243; _module_preset=&#8220;default&#8220; global_colors_info=&#8220;{}&#8220;][et_pb_column type=&#8220;4_4&#8243; _builder_version=&#8220;4.23.1&#8243; _module_preset=&#8220;default&#8220; global_colors_info=&#8220;{}&#8220;][et_pb_image src=&#8220;https:\/\/www.petrafischer.ch\/wp-content\/uploads\/2023\/12\/logo_petra_fischer.svg&#8220; title_text=&#8220;logo_petra_fischer&#8220; _builder_version=&#8220;4.23.1&#8243; _module_preset=&#8220;default&#8220; global_colors_info=&#8220;{}&#8220;][\/et_pb_image][\/et_pb_column][\/et_pb_row][\/et_pb_section][et_pb_section fb_built=&#8220;1&#8243; _builder_version=&#8220;4.27.4&#8243; _module_preset=&#8220;default&#8220; global_colors_info=&#8220;{}&#8220;][et_pb_row _builder_version=&#8220;4.27.4&#8243; _module_preset=&#8220;default&#8220; custom_padding=&#8220;|||115px||&#8220; hover_enabled=&#8220;0&#8243; global_colors_info=&#8220;{}&#8220; custom_padding_last_edited=&#8220;on|tablet&#8220; sticky_enabled=&#8220;0&#8243; custom_padding_phone=&#8220;|||0px|false|false&#8220; custom_padding_tablet=&#8220;|||25px|false|false&#8220;][et_pb_column type=&#8220;4_4&#8243; _builder_version=&#8220;4.27.4&#8243; _module_preset=&#8220;default&#8220; global_colors_info=&#8220;{}&#8220;][et_pb_text _builder_version=&#8220;4.27.4&#8243; _module_preset=&#8220;default&#8220; text_font_size=&#8220;16px&#8220; header_line_height=&#8220;1.3em&#8220; hover_enabled=&#8220;0&#8243; global_colors_info=&#8220;{}&#8220; sticky_enabled=&#8220;0&#8243;]<\/p>\n<h1 class=\"p1\"><strong>Neue Wege<\/strong><\/h1>\n<h1 class=\"p1\">Wohin die Reise auch geht, h\u00e4ngt nicht davon ab,<\/h1>\n<h1 class=\"p1\">woher der Wind weht, sondern wie man die Segel setzt.<\/h1>\n<p>&nbsp;<\/p>\n<p>Per Januar 2025 habe ich meine Praxis geschlossen und die T\u00e4tigkeit als Therapeutin beendet.<\/p>\n<p>Mit grosser Dankbarkeit blicke ich auf einen prall gef\u00fcllten Rucksack zur\u00fcck \u2013 gef\u00fcllt mit dem Vertrauen, das mir in meiner Praxis entgegengebracht wurde, und den bewegenden Lebensgeschichten und Schicksalen, die ich begleiten durfte.<\/p>\n<p class=\"p1\">Von Herzen w\u00fcnsche ich Euch weiterhin viel Zuversicht, alles Liebe und eine gute \u00abSegelstellung\u00bb.<\/p>\n<p class=\"p1\"><strong>Petra Fischer<\/strong><\/p>\n<p>[\/et_pb_text][\/et_pb_column][\/et_pb_row][\/et_pb_section]<\/p>\n","protected":false},"excerpt":{"rendered":"<p>Neue Wege Wohin die Reise auch geht, h\u00e4ngt nicht davon ab, woher der Wind weht, sondern wie man die Segel setzt. &nbsp; Per Januar 2025 habe ich meine Praxis geschlossen und die T\u00e4tigkeit als Therapeutin beendet. Mit grosser Dankbarkeit blicke ich auf einen prall gef\u00fcllten Rucksack zur\u00fcck \u2013 gef\u00fcllt mit dem Vertrauen, das mir in [&hellip;]<\/p>\n","protected":false},"author":1,"featured_media":0,"parent":0,"menu_order":0,"comment_status":"closed","ping_status":"closed","template":"","meta":{"_et_pb_use_builder":"on","_et_pb_old_content":"","_et_gb_content_width":"","footnotes":""},"class_list":["post-1124","page","type-page","status-publish","hentry"],"_links":{"self":[{"href":"https:\/\/www.petrafischer.ch\/index.php?rest_route=\/wp\/v2\/pages\/1124","targetHints":{"allow":["GET"]}}],"collection":[{"href":"https:\/\/www.petrafischer.ch\/index.php?rest_route=\/wp\/v2\/pages"}],"about":[{"href":"https:\/\/www.petrafischer.ch\/index.php?rest_route=\/wp\/v2\/types\/page"}],"author":[{"embeddable":true,"href":"https:\/\/www.petrafischer.ch\/index.php?rest_route=\/wp\/v2\/users\/1"}],"replies":[{"embeddable":true,"href":"https:\/\/www.petrafischer.ch\/index.php?rest_route=%2Fwp%2Fv2%2Fcomments&post=1124"}],"version-history":[{"count":15,"href":"https:\/\/www.petrafischer.ch\/index.php?rest_route=\/wp\/v2\/pages\/1124\/revisions"}],"predecessor-version":[{"id":1149,"href":"https:\/\/www.petrafischer.ch\/index.php?rest_route=\/wp\/v2\/pages\/1124\/revisions\/1149"}],"wp:attachment":[{"href":"https:\/\/www.petrafischer.ch\/index.php?rest_route=%2Fwp%2Fv2%2Fmedia&parent=1124"}],"curies":[{"name":"wp","href":"https:\/\/api.w.org\/{rel}","templated":true}]}}